{"id":1114,"date":"2019-12-18T19:45:49","date_gmt":"2019-12-18T19:45:49","guid":{"rendered":"http:\/\/themeforest.unitedthemes.com\/wpversions\/brooklyn\/xml\/demo42\/?page_id=1114"},"modified":"2025-04-29T13:46:21","modified_gmt":"2025-04-29T12:46:21","slug":"o-nas","status":"publish","type":"page","link":"https:\/\/domako.vsisi.si\/index.php\/o-nas\/","title":{"rendered":"O nas"},"content":{"rendered":"<div class=\"wpb-content-wrapper\"><p>[vc_section el_name=&#8221;First Section \/ Work&#8221; css=&#8221;.vc_custom_1745930777079{margin-top: 0px !important;border-top-width: 0px !important;padding-top: 60px !important;}&#8221;][vc_row][vc_column offset=&#8221;vc_col-lg-12&#8243;]<div class=\"wpb_content_element \"><style type=\"text\/css\">#ut_header_69e4c4042d26d h2.section-title { font-size:80px !important;line-height:88px !important;letter-spacing:-0.05em; }<\/style><header id=\"ut_header_69e4c4042d26d\" class=\"section-header  ut-no-title-linebreak-mobile ut-no-lead-linebreak-mobile pt-style-2 header-center header-tablet-center header-mobile-center element-with-custom-line-height\"><div class=\"element-with-custom-line-height\" ><h2 data-title=\"DOMA-KO d.o.o. Mirna\"  data-responsive-font=\"section_title\" data-responsive-font-settings=\"{&quot;base-font-size&quot;:&quot;global&quot;,&quot;font-size&quot;:{&quot;desktop_large&quot;:&quot;80&quot;},&quot;base-line-height&quot;:&quot;global&quot;,&quot;line-height&quot;:{&quot;desktop_large&quot;:&quot;88&quot;},&quot;base-letter-spacing&quot;:&quot;global&quot;,&quot;letter-spacing&quot;:{&quot;desktop_large&quot;:&quot;-0.05&quot;}}\" class=\"section-title  \"><span>DOMA-KO d.o.o. Mirna<\/span><\/h2><\/div><div data-delay=\"0\" class=\"lead \"><p>26 let staro podjetje, torej izku\u0161eno, sve\u017ee in vitalno.<\/p>\n<\/div><\/header><\/div>[vc_column_text]<\/p>\n<p style=\"text-align: center;\">DOMA-KO d.o.o. Mirna se ukvarja z zastopanjem ve\u010d evropskih podjetij. Na\u0161a najbolj raz\u0161irjena in v javnosti najbolj poznana dejavnost je zastopanje avstrijskega podjetja OPTIMO G.m.b.H. in njegovih dveh blagovnih znamk\u00a0<strong>OPTIMO Posteljni sistemi<\/strong>\u00a0in\u00a0<strong>AUSTROFLEX spalni sistemi<\/strong>, uspe\u0161no pa tr\u017eimo \u0161e ugledne evropske blagovne znamke\u00a0<strong>BluTimes vodne postelje<\/strong>,\u00a0<strong>GOLDECK<\/strong>,\u00a0<strong>DewertOkin<\/strong>\u00a0in\u00a0<strong>POLYCASA<\/strong>.<\/p>\n<p>[\/vc_column_text][\/vc_column][\/vc_row][\/vc_section][vc_section bklyn_section_anchor_id=&#8221;Team&#8221; el_name=&#8221;Team Section&#8221;][vc_row css=&#8221;.vc_custom_1745928574042{background-color: #141618 !important;}&#8221;][vc_column offset=&#8221;vc_col-lg-12&#8243;]<div class=\"wpb_content_element \"><style type=\"text\/css\">#ut_header_69e4c404319dc h2.section-title, #ut_header_69e4c404319dc h2.section-title span { color:#ffffff; }#ut_header_69e4c404319dc h2.section-title { font-size:80px !important;line-height:88px !important;letter-spacing:-0.05em; }#ut_header_69e4c404319dc .lead { color:#ffffff; }#ut_header_69e4c404319dc .lead p { color:#ffffff; }#ut_header_69e4c404319dc.pt-style-2 .page-title span:after, #ut_header_69e4c404319dc.pt-style-2 .parallax-title span:after, #ut_header_69e4c404319dc.pt-style-2 .section-title span:after { background-color:#ffffff !important;}<\/style><header id=\"ut_header_69e4c404319dc\" class=\"section-header  ut-no-title-linebreak-mobile ut-no-lead-linebreak-mobile pt-style-2 header-center header-tablet-center header-mobile-center element-with-custom-line-height\"><div class=\"element-with-custom-line-height\" ><h2 data-title=\"Najbolj\u0161a ekipa\"  data-responsive-font=\"section_title\" data-responsive-font-settings=\"{&quot;base-font-size&quot;:&quot;global&quot;,&quot;font-size&quot;:{&quot;desktop_large&quot;:&quot;80&quot;},&quot;base-line-height&quot;:&quot;global&quot;,&quot;line-height&quot;:{&quot;desktop_large&quot;:&quot;88&quot;},&quot;base-letter-spacing&quot;:&quot;global&quot;,&quot;letter-spacing&quot;:{&quot;desktop_large&quot;:&quot;-0.05&quot;}}\" class=\"section-title  \"><span>Najbolj\u0161a ekipa<\/span><\/h2><\/div><div data-delay=\"0\" class=\"lead \"><p>Lorem ipsum dolores<\/p>\n<\/div><\/header><\/div>[\/vc_column][\/vc_row][vc_row full_width=&#8221;stretch_row_content_no_spaces&#8221; css=&#8221;.vc_custom_1745928648206{margin-top: 0px !important;padding-top: 0px !important;padding-bottom: 0px !important;background-color: #141618 !important;}&#8221; el_name=&#8221;Margin top 0px&#8221;][vc_column width=&#8221;1\/4&#8243; delay=&#8221;true&#8221; effect=&#8221;zoomIn&#8221; delay_timer=&#8221;100&#8243; offset=&#8221;vc_col-lg-3 vc_col-md-6 vc_col-sm-6 vc_col-xs-12&#8243;]<div class=\"wpb_content_element  vc_custom_1745917639452\"><style type=\"text\/css\">#ut_tm_69e4c40440523 .bklyn5-team-member-name { color: #ffffff; }#ut_tm_69e4c40440523.bklyn5-team-member .bklyn5-team-member-social-icons > *::before { background: #19b5fe; }#ut_tm_69e4c40440523 .bklyn5-team-member-name { font-size: 20px; }#ut_tm_69e4c40440523 .bklyn5-team-member-ocupation { color: #ffffff; }#ut_tm_69e4c40440523 .bklyn5-team-member-ocupation { font-weight: 600; }#ut_tm_69e4c40440523 .bklyn5-team-member-ocupation { letter-spacing: 0.05em; }#ut_tm_69e4c40440523 .bklyn5-team-member-social-icons a { color: rgba(255,255,255,0.7); }#ut_tm_69e4c40440523 .bklyn5-team-member-social-icons a:visited { color: rgba(255,255,255,0.7); }#ut_tm_69e4c40440523 .bklyn5-team-member-social-icons a { font-size: 18px; }#ut_tm_69e4c40440523 .bklyn5-team-member-social-icons a:hover { color: #ffffff; }#ut_tm_69e4c40440523 .bklyn5-team-member-social-icons a:focus { color: #ffffff; }#ut_tm_69e4c40440523 .bklyn5-team-member-social-icons a:active { color: #ffffff; }#ut_tm_69e4c40440523 .bklyn5-team-member-overlay { background: rgba(20,22,24,0.75); }<\/style><div id=\"ut_tm_69e4c40440523\" class=\"bklyn5-team-member bklyn5-team-member-style-3 bklyn5-team-member-left\"><a title=\"E-mail\" href=\"mailto:maja.lapajne@domako.si\" target=\"_self\" ><div class=\"bklyn5-team-member-avatar\">\r\n        <img loading=\"lazy\" decoding=\"async\" data-adaptive-images=\"{&quot;300&quot;:&quot;https:\\\/\\\/domako.vsisi.si\\\/wp-content\\\/uploads\\\/2025\\\/04\\\/maja-lapajne-1-300x375.jpg&quot;,&quot;500&quot;:&quot;https:\\\/\\\/domako.vsisi.si\\\/wp-content\\\/uploads\\\/2025\\\/04\\\/maja-lapajne-1-500x625.jpg&quot;,&quot;750&quot;:&quot;https:\\\/\\\/domako.vsisi.si\\\/wp-content\\\/uploads\\\/2025\\\/04\\\/maja-lapajne-1-750x938.jpg&quot;,&quot;1000&quot;:&quot;https:\\\/\\\/domako.vsisi.si\\\/wp-content\\\/uploads\\\/2025\\\/04\\\/maja-lapajne-1-1000x1250.jpg&quot;,&quot;1500&quot;:&quot;https:\\\/\\\/domako.vsisi.si\\\/wp-content\\\/uploads\\\/2025\\\/04\\\/maja-lapajne-1-1500x1875.jpg&quot;,&quot;2500&quot;:&quot;https:\\\/\\\/domako.vsisi.si\\\/wp-content\\\/uploads\\\/2025\\\/04\\\/maja-lapajne-1-2500x3125.jpg&quot;}\" src=\"data:image\/svg+xml;charset=utf-8,%3Csvg xmlns%3D&#039;http%3A%2F%2Fwww.w3.org%2F2000%2Fsvg&#039; viewBox%3D&#039;0 0 1500 1875&#039;%2F%3E\" width=\"1500\" height=\"1875\" data-src=\"https:\/\/domako.vsisi.si\/wp-content\/uploads\/2025\/04\/maja-lapajne-1-1500x1875.jpg\" data-image-id=\"1213\" class=\"ut-adaptive-image wp-post-image skip-lazy \">\r\n\r\n        <\/div><\/a><div class=\"bklyn5-team-member-overlay\"><div class=\"bklyn5-team-member-overlay-caption\"><div class=\"bklyn5-team-member-info\"><h3 class=\"bklyn5-team-member-name\">Maja Lapajne<\/h3><div class=\"bklyn5-team-member-ocupation\">FOUNDER<\/div><div class=\"bklyn5-team-member-social-icons \"><ul><li><a title=\"\" href=\"#\" target=\"_self\" ><i class=\"fa fa-circle\"><\/i><\/a><\/li><li><a title=\"\" href=\"#\" target=\"_self\" ><i class=\"fa fa-circle\"><\/i><\/a><\/li><li><a title=\"\" href=\"#\" target=\"_self\" ><i class=\"fa fa-circle\"><\/i><\/a><\/li><\/ul><\/div><\/div><\/div><\/div><\/div><\/div>[\/vc_column][vc_column width=&#8221;1\/4&#8243; delay=&#8221;true&#8221; effect=&#8221;zoomIn&#8221; delay_timer=&#8221;200&#8243; offset=&#8221;vc_col-lg-3 vc_col-md-6 vc_col-sm-6 vc_col-xs-12&#8243;]<div class=\"wpb_content_element  vc_custom_1745917651610\"><style type=\"text\/css\">#ut_tm_69e4c4044e717 .bklyn5-team-member-name { color: #ffffff; }#ut_tm_69e4c4044e717.bklyn5-team-member .bklyn5-team-member-social-icons > *::before { background: #19b5fe; }#ut_tm_69e4c4044e717 .bklyn5-team-member-name { font-size: 20px; }#ut_tm_69e4c4044e717 .bklyn5-team-member-ocupation { color: #ffffff; }#ut_tm_69e4c4044e717 .bklyn5-team-member-ocupation { font-weight: 600; }#ut_tm_69e4c4044e717 .bklyn5-team-member-ocupation { letter-spacing: 0.05em; }#ut_tm_69e4c4044e717 .bklyn5-team-member-social-icons a { color: rgba(255,255,255,0.7); }#ut_tm_69e4c4044e717 .bklyn5-team-member-social-icons a:visited { color: rgba(255,255,255,0.7); }#ut_tm_69e4c4044e717 .bklyn5-team-member-social-icons a { font-size: 18px; }#ut_tm_69e4c4044e717 .bklyn5-team-member-social-icons a:hover { color: #ffffff; }#ut_tm_69e4c4044e717 .bklyn5-team-member-social-icons a:focus { color: #ffffff; }#ut_tm_69e4c4044e717 .bklyn5-team-member-social-icons a:active { color: #ffffff; }#ut_tm_69e4c4044e717 .bklyn5-team-member-overlay { background: rgba(20,22,24,0.75); }<\/style><div id=\"ut_tm_69e4c4044e717\" class=\"bklyn5-team-member bklyn5-team-member-style-3 bklyn5-team-member-left\"><div class=\"bklyn5-team-member-avatar\">\r\n        <img loading=\"lazy\" decoding=\"async\" data-adaptive-images=\"{&quot;300&quot;:&quot;https:\\\/\\\/domako.vsisi.si\\\/wp-content\\\/uploads\\\/2025\\\/04\\\/test-1-300x375.jpg&quot;,&quot;500&quot;:&quot;https:\\\/\\\/domako.vsisi.si\\\/wp-content\\\/uploads\\\/2025\\\/04\\\/test-1-500x625.jpg&quot;,&quot;750&quot;:&quot;https:\\\/\\\/domako.vsisi.si\\\/wp-content\\\/uploads\\\/2025\\\/04\\\/test-1-750x938.jpg&quot;,&quot;1000&quot;:&quot;https:\\\/\\\/domako.vsisi.si\\\/wp-content\\\/uploads\\\/2025\\\/04\\\/test-1-1000x1250.jpg&quot;,&quot;1500&quot;:&quot;https:\\\/\\\/domako.vsisi.si\\\/wp-content\\\/uploads\\\/2025\\\/04\\\/test-1-1500x1875.jpg&quot;,&quot;2500&quot;:&quot;https:\\\/\\\/domako.vsisi.si\\\/wp-content\\\/uploads\\\/2025\\\/04\\\/test-1-2500x3125.jpg&quot;}\" src=\"data:image\/svg+xml;charset=utf-8,%3Csvg xmlns%3D&#039;http%3A%2F%2Fwww.w3.org%2F2000%2Fsvg&#039; viewBox%3D&#039;0 0 1500 1875&#039;%2F%3E\" width=\"1500\" height=\"1875\" data-src=\"https:\/\/domako.vsisi.si\/wp-content\/uploads\/2025\/04\/test-1-1500x1875.jpg\" data-image-id=\"1214\" class=\"ut-adaptive-image wp-post-image skip-lazy \">\r\n\r\n        <\/div><div class=\"bklyn5-team-member-overlay\"><div class=\"bklyn5-team-member-overlay-caption\"><div class=\"bklyn5-team-member-info\"><h3 class=\"bklyn5-team-member-name\">Skyler White<\/h3><div class=\"bklyn5-team-member-ocupation\">DESIGNER<\/div><div class=\"bklyn5-team-member-social-icons \"><ul><li><a title=\"\" href=\"#\" target=\"_self\" ><i class=\"fa fa-circle\"><\/i><\/a><\/li><li><a title=\"\" href=\"#\" target=\"_self\" ><i class=\"fa fa-circle\"><\/i><\/a><\/li><li><a title=\"\" href=\"#\" target=\"_self\" ><i class=\"fa fa-circle\"><\/i><\/a><\/li><\/ul><\/div><\/div><\/div><\/div><\/div><\/div>[\/vc_column][vc_column width=&#8221;1\/4&#8243; delay=&#8221;true&#8221; effect=&#8221;zoomIn&#8221; delay_timer=&#8221;300&#8243; offset=&#8221;vc_col-lg-3 vc_col-md-6 vc_col-sm-6 vc_col-xs-12&#8243;]<div class=\"wpb_content_element  vc_custom_1745917662679\"><style type=\"text\/css\">#ut_tm_69e4c4045b49e .bklyn5-team-member-name { color: #ffffff; }#ut_tm_69e4c4045b49e.bklyn5-team-member .bklyn5-team-member-social-icons > *::before { background: #19b5fe; }#ut_tm_69e4c4045b49e .bklyn5-team-member-name { font-size: 20px; }#ut_tm_69e4c4045b49e .bklyn5-team-member-ocupation { color: #ffffff; }#ut_tm_69e4c4045b49e .bklyn5-team-member-ocupation { font-weight: 600; }#ut_tm_69e4c4045b49e .bklyn5-team-member-ocupation { letter-spacing: 0.05em; }#ut_tm_69e4c4045b49e .bklyn5-team-member-social-icons a { color: rgba(255,255,255,0.7); }#ut_tm_69e4c4045b49e .bklyn5-team-member-social-icons a:visited { color: rgba(255,255,255,0.7); }#ut_tm_69e4c4045b49e .bklyn5-team-member-social-icons a { font-size: 18px; }#ut_tm_69e4c4045b49e .bklyn5-team-member-social-icons a:hover { color: #ffffff; }#ut_tm_69e4c4045b49e .bklyn5-team-member-social-icons a:focus { color: #ffffff; }#ut_tm_69e4c4045b49e .bklyn5-team-member-social-icons a:active { color: #ffffff; }#ut_tm_69e4c4045b49e .bklyn5-team-member-overlay { background: rgba(20,22,24,0.75); }<\/style><div id=\"ut_tm_69e4c4045b49e\" class=\"bklyn5-team-member bklyn5-team-member-style-3 bklyn5-team-member-left\"><div class=\"bklyn5-team-member-avatar\">\r\n        <img loading=\"lazy\" decoding=\"async\" data-adaptive-images=\"{&quot;300&quot;:&quot;https:\\\/\\\/domako.vsisi.si\\\/wp-content\\\/uploads\\\/2025\\\/04\\\/test-2-300x375.jpg&quot;,&quot;500&quot;:&quot;https:\\\/\\\/domako.vsisi.si\\\/wp-content\\\/uploads\\\/2025\\\/04\\\/test-2-500x625.jpg&quot;,&quot;750&quot;:&quot;https:\\\/\\\/domako.vsisi.si\\\/wp-content\\\/uploads\\\/2025\\\/04\\\/test-2-750x938.jpg&quot;,&quot;1000&quot;:&quot;https:\\\/\\\/domako.vsisi.si\\\/wp-content\\\/uploads\\\/2025\\\/04\\\/test-2-1000x1250.jpg&quot;,&quot;1500&quot;:&quot;https:\\\/\\\/domako.vsisi.si\\\/wp-content\\\/uploads\\\/2025\\\/04\\\/test-2-1500x1875.jpg&quot;,&quot;2500&quot;:&quot;https:\\\/\\\/domako.vsisi.si\\\/wp-content\\\/uploads\\\/2025\\\/04\\\/test-2-2500x3125.jpg&quot;}\" src=\"data:image\/svg+xml;charset=utf-8,%3Csvg xmlns%3D&#039;http%3A%2F%2Fwww.w3.org%2F2000%2Fsvg&#039; viewBox%3D&#039;0 0 1500 1875&#039;%2F%3E\" width=\"1500\" height=\"1875\" data-src=\"https:\/\/domako.vsisi.si\/wp-content\/uploads\/2025\/04\/test-2-1500x1875.jpg\" data-image-id=\"1215\" class=\"ut-adaptive-image wp-post-image skip-lazy \">\r\n\r\n        <\/div><div class=\"bklyn5-team-member-overlay\"><div class=\"bklyn5-team-member-overlay-caption\"><div class=\"bklyn5-team-member-info\"><h3 class=\"bklyn5-team-member-name\">Mike Ehrmantraut<\/h3><div class=\"bklyn5-team-member-ocupation\">DEVELOPER<\/div><div class=\"bklyn5-team-member-social-icons \"><ul><li><a title=\"\" href=\"#\" target=\"_self\" ><i class=\"fa fa-circle\"><\/i><\/a><\/li><li><a title=\"\" href=\"#\" target=\"_self\" ><i class=\"fa fa-circle\"><\/i><\/a><\/li><li><a title=\"\" href=\"#\" target=\"_self\" ><i class=\"fa fa-circle\"><\/i><\/a><\/li><\/ul><\/div><\/div><\/div><\/div><\/div><\/div>[\/vc_column][vc_column width=&#8221;1\/4&#8243; delay=&#8221;true&#8221; effect=&#8221;zoomIn&#8221; delay_timer=&#8221;400&#8243; offset=&#8221;vc_col-lg-3 vc_col-md-6 vc_col-sm-6 vc_col-xs-12&#8243;]<div class=\"wpb_content_element  vc_custom_1745917670864\"><style type=\"text\/css\">#ut_tm_69e4c4046843e .bklyn5-team-member-name { color: #ffffff; }#ut_tm_69e4c4046843e.bklyn5-team-member .bklyn5-team-member-social-icons > *::before { background: #19b5fe; }#ut_tm_69e4c4046843e .bklyn5-team-member-name { font-size: 20px; }#ut_tm_69e4c4046843e .bklyn5-team-member-ocupation { color: #ffffff; }#ut_tm_69e4c4046843e .bklyn5-team-member-ocupation { font-weight: 600; }#ut_tm_69e4c4046843e .bklyn5-team-member-ocupation { letter-spacing: 0.05em; }#ut_tm_69e4c4046843e .bklyn5-team-member-social-icons a { color: rgba(255,255,255,0.7); }#ut_tm_69e4c4046843e .bklyn5-team-member-social-icons a:visited { color: rgba(255,255,255,0.7); }#ut_tm_69e4c4046843e .bklyn5-team-member-social-icons a { font-size: 18px; }#ut_tm_69e4c4046843e .bklyn5-team-member-social-icons a:hover { color: #ffffff; }#ut_tm_69e4c4046843e .bklyn5-team-member-social-icons a:focus { color: #ffffff; }#ut_tm_69e4c4046843e .bklyn5-team-member-social-icons a:active { color: #ffffff; }#ut_tm_69e4c4046843e .bklyn5-team-member-overlay { background: rgba(20,22,24,0.75); }<\/style><div id=\"ut_tm_69e4c4046843e\" class=\"bklyn5-team-member bklyn5-team-member-style-3 bklyn5-team-member-left\"><div class=\"bklyn5-team-member-avatar\">\r\n        <img loading=\"lazy\" decoding=\"async\" data-adaptive-images=\"{&quot;300&quot;:&quot;https:\\\/\\\/domako.vsisi.si\\\/wp-content\\\/uploads\\\/2025\\\/04\\\/test-3-300x375.jpg&quot;,&quot;500&quot;:&quot;https:\\\/\\\/domako.vsisi.si\\\/wp-content\\\/uploads\\\/2025\\\/04\\\/test-3-500x625.jpg&quot;,&quot;750&quot;:&quot;https:\\\/\\\/domako.vsisi.si\\\/wp-content\\\/uploads\\\/2025\\\/04\\\/test-3-750x938.jpg&quot;,&quot;1000&quot;:&quot;https:\\\/\\\/domako.vsisi.si\\\/wp-content\\\/uploads\\\/2025\\\/04\\\/test-3-1000x1250.jpg&quot;,&quot;1500&quot;:&quot;https:\\\/\\\/domako.vsisi.si\\\/wp-content\\\/uploads\\\/2025\\\/04\\\/test-3-1500x1875.jpg&quot;,&quot;2500&quot;:&quot;https:\\\/\\\/domako.vsisi.si\\\/wp-content\\\/uploads\\\/2025\\\/04\\\/test-3-2500x3125.jpg&quot;}\" src=\"data:image\/svg+xml;charset=utf-8,%3Csvg xmlns%3D&#039;http%3A%2F%2Fwww.w3.org%2F2000%2Fsvg&#039; viewBox%3D&#039;0 0 1500 1875&#039;%2F%3E\" width=\"1500\" height=\"1875\" data-src=\"https:\/\/domako.vsisi.si\/wp-content\/uploads\/2025\/04\/test-3-1500x1875.jpg\" data-image-id=\"1216\" class=\"ut-adaptive-image wp-post-image skip-lazy \">\r\n\r\n        <\/div><div class=\"bklyn5-team-member-overlay\"><div class=\"bklyn5-team-member-overlay-caption\"><div class=\"bklyn5-team-member-info\"><h3 class=\"bklyn5-team-member-name\">Mike Ehrmantraut<\/h3><div class=\"bklyn5-team-member-ocupation\">DEVELOPER<\/div><div class=\"bklyn5-team-member-social-icons \"><ul><li><a title=\"\" href=\"#\" target=\"_self\" ><i class=\"fa fa-circle\"><\/i><\/a><\/li><li><a title=\"\" href=\"#\" target=\"_self\" ><i class=\"fa fa-circle\"><\/i><\/a><\/li><li><a title=\"\" href=\"#\" target=\"_self\" ><i class=\"fa fa-circle\"><\/i><\/a><\/li><\/ul><\/div><\/div><\/div><\/div><\/div><\/div>[\/vc_column][\/vc_row][vc_row full_width=&#8221;stretch_row_content&#8221; css=&#8221;.vc_custom_1745928532595{padding-top: 50px !important;padding-bottom: 30px !important;}&#8221;][vc_column width=&#8221;1\/4&#8243; delay=&#8221;true&#8221; effect=&#8221;zoomIn&#8221; delay_timer=&#8221;100&#8243;][ut_number_counter sep=&#8221;true&#8221; caption_font_weight=&#8221;500&#8243; caption_letter_spacing=&#8221;0.05&#8243; counter_font_size=&#8221;80&#8243; counter_prefix_font_weight=&#8221;100&#8243; counter_suffix_font_weight=&#8221;100&#8243; to=&#8221;1270&#8243; counter_color=&#8221;#ac1138&#8243; desccolor=&#8221;#000000&#8243;]Prodanih izdelkov[\/ut_number_counter][\/vc_column][vc_column width=&#8221;1\/4&#8243; delay=&#8221;true&#8221; effect=&#8221;zoomIn&#8221; delay_timer=&#8221;200&#8243;][ut_number_counter sep=&#8221;true&#8221; caption_font_weight=&#8221;500&#8243; caption_letter_spacing=&#8221;0.05&#8243; counter_prefix_font_weight=&#8221;100&#8243; counter_suffix_font_weight=&#8221;100&#8243; to=&#8221;75&#8243; counter_color=&#8221;#ac1138&#8243; desccolor=&#8221;#000000&#8243;]Zadovoljnih strank[\/ut_number_counter][\/vc_column][vc_column width=&#8221;1\/4&#8243; delay=&#8221;true&#8221; effect=&#8221;zoomIn&#8221; delay_timer=&#8221;300&#8243;][ut_number_counter sep=&#8221;true&#8221; caption_font_weight=&#8221;500&#8243; caption_letter_spacing=&#8221;0.05&#8243; counter_font_size=&#8221;40&#8243; counter_prefix_font_weight=&#8221;100&#8243; counter_suffix_font_weight=&#8221;100&#8243; to=&#8221;90&#8243; counter_color=&#8221;#ac1138&#8243; desccolor=&#8221;#000000&#8243;]Strokovnjakov v podjetju[\/ut_number_counter][\/vc_column][vc_column width=&#8221;1\/4&#8243; delay=&#8221;true&#8221; effect=&#8221;zoomIn&#8221; delay_timer=&#8221;400&#8243;][ut_number_counter sep=&#8221;true&#8221; caption_font_weight=&#8221;500&#8243; caption_letter_spacing=&#8221;0.05&#8243; counter_font_size=&#8221;20&#8243; counter_prefix_font_weight=&#8221;100&#8243; counter_suffix_font_weight=&#8221;100&#8243; to=&#8221;26&#8243; counter_color=&#8221;#ac1138&#8243; desccolor=&#8221;#000000&#8243;]Let delovanja[\/ut_number_counter][\/vc_column][\/vc_row][\/vc_section]<\/p>\n<\/div>","protected":false},"excerpt":{"rendered":"<p>[vc_section el_name=&#8221;First Section \/ Work&#8221; css=&#8221;.vc_custom_1745930777079{margin-top: 0px !important;border-top-width: 0px !important;padding-top: 60px !important;}&#8221;][vc_row][vc_column offset=&#8221;vc_col-lg-12&#8243;][vc_column_text] DOMA-KO d.o.o. Mirna se ukvarja z zastopanjem ve\u010d evropskih podjetij. Na\u0161a najbolj raz\u0161irjena in v javnosti najbolj poznana dejavnost je zastopanje avstrijskega podjetja OPTIMO G.m.b.H. in njegovih dveh blagovnih znamk\u00a0OPTIMO Posteljni sistemi\u00a0in\u00a0AUSTROFLEX spalni sistemi, uspe\u0161no pa tr\u017eimo \u0161e ugledne evropske blagovne znamke\u00a0BluTimes [&hellip;]<\/p>\n","protected":false},"author":1,"featured_media":1222,"parent":0,"menu_order":0,"comment_status":"closed","ping_status":"closed","template":"","meta":{"footnotes":""},"class_list":["post-1114","page","type-page","status-publish","has-post-thumbnail","hentry"],"_links":{"self":[{"href":"https:\/\/domako.vsisi.si\/index.php\/wp-json\/wp\/v2\/pages\/1114","targetHints":{"allow":["GET"]}}],"collection":[{"href":"https:\/\/domako.vsisi.si\/index.php\/wp-json\/wp\/v2\/pages"}],"about":[{"href":"https:\/\/domako.vsisi.si\/index.php\/wp-json\/wp\/v2\/types\/page"}],"author":[{"embeddable":true,"href":"https:\/\/domako.vsisi.si\/index.php\/wp-json\/wp\/v2\/users\/1"}],"replies":[{"embeddable":true,"href":"https:\/\/domako.vsisi.si\/index.php\/wp-json\/wp\/v2\/comments?post=1114"}],"version-history":[{"count":15,"href":"https:\/\/domako.vsisi.si\/index.php\/wp-json\/wp\/v2\/pages\/1114\/revisions"}],"predecessor-version":[{"id":1275,"href":"https:\/\/domako.vsisi.si\/index.php\/wp-json\/wp\/v2\/pages\/1114\/revisions\/1275"}],"wp:featuredmedia":[{"embeddable":true,"href":"https:\/\/domako.vsisi.si\/index.php\/wp-json\/wp\/v2\/media\/1222"}],"wp:attachment":[{"href":"https:\/\/domako.vsisi.si\/index.php\/wp-json\/wp\/v2\/media?parent=1114"}],"curies":[{"name":"wp","href":"https:\/\/api.w.org\/{rel}","templated":true}]}}